{"id":8,"date":"2026-03-12T10:08:48","date_gmt":"2026-03-12T10:08:48","guid":{"rendered":"https:\/\/lineamoderna.pl\/?page_id=8"},"modified":"2026-03-12T10:51:34","modified_gmt":"2026-03-12T10:51:34","slug":"strona-domowa","status":"publish","type":"page","link":"https:\/\/lineamoderna.pl\/","title":{"rendered":"Strona domowa"},"content":{"rendered":"\n<div class=\"wp-block-cover alignfull\" style=\"min-height:720px;aspect-ratio:unset;\"><span aria-hidden=\"true\" class=\"wp-block-cover__background has-background-dim-100 has-background-dim has-background-gradient\" style=\"background:linear-gradient(135deg,rgb(1,1,1) 25%,rgb(40,116,252) 100%)\"><\/span><div class=\"wp-block-cover__inner-container is-layout-flow wp-block-cover-is-layout-flow\">\n<div class=\"inherit-container-width wp-block-group alignwide is-layout-constrained wp-block-group-is-layout-constrained\">\n<div class=\"wp-block-media-text alignwide has-media-on-the-right is-stacked-on-mobile is-vertically-aligned-center is-image-fill-element\" style=\"grid-template-columns:auto 52%\"><div class=\"wp-block-media-text__content\">\n<h2 class=\"wp-block-heading has-text-align-left has-white-color has-text-color\">Linea Moderna \u2013 nowoczesno\u015b\u0107 w czystej formie<\/h2>\n\n\n\n<p class=\"has-white-color has-text-color\">Tworzymy funkcjonalne przestrzenie biurowe oraz oferujemy nowoczesne nieruchomo\u015bci dopasowane do Twojego stylu \u017cycia.<\/p>\n\n\n\n<div class=\"wp-block-buttons is-layout-flex wp-block-buttons-is-layout-flex\">\n<div class=\"wp-block-button\"><a class=\"wp-block-button__link wp-element-button\" href=\"#\">Zobacz ofert\u0119<\/a><\/div>\n<\/div>\n<\/div><figure class=\"wp-block-media-text__media\"><img loading=\"lazy\" decoding=\"async\" width=\"2560\" height=\"1707\" src=\"https:\/\/lineamoderna.pl\/wp-content\/uploads\/2026\/03\/pexels-expect-best-79873-323772-scaled.jpg\" alt=\"\" class=\"wp-image-29 size-full\" style=\"object-position:50% 50%\" srcset=\"https:\/\/lineamoderna.pl\/wp-content\/uploads\/2026\/03\/pexels-expect-best-79873-323772-scaled.jpg 2560w, https:\/\/lineamoderna.pl\/wp-content\/uploads\/2026\/03\/pexels-expect-best-79873-323772-300x200.jpg 300w, https:\/\/lineamoderna.pl\/wp-content\/uploads\/2026\/03\/pexels-expect-best-79873-323772-1024x683.jpg 1024w, https:\/\/lineamoderna.pl\/wp-content\/uploads\/2026\/03\/pexels-expect-best-79873-323772-768x512.jpg 768w, https:\/\/lineamoderna.pl\/wp-content\/uploads\/2026\/03\/pexels-expect-best-79873-323772-1536x1024.jpg 1536w, https:\/\/lineamoderna.pl\/wp-content\/uploads\/2026\/03\/pexels-expect-best-79873-323772-2048x1365.jpg 2048w\" sizes=\"auto, (max-width: 2560px) 100vw, 2560px\" \/><\/figure><\/div>\n<\/div>\n<\/div><\/div>\n\n\n\n<div class=\"wp-block-group alignfull has-ast-global-color-5-background-color has-background is-layout-constrained wp-block-group-is-layout-constrained\" style=\"padding-bottom:0px\">\n<div class=\"wp-block-columns are-vertically-aligned-top is-layout-flex wp-container-core-columns-is-layout-00723822 wp-block-columns-is-layout-flex\">\n<div class=\"wp-block-column is-vertically-aligned-top is-layout-flow wp-container-core-column-is-layout-6b73ce23 wp-block-column-is-layout-flow\">\n<figure class=\"wp-block-image size-large\"><img decoding=\"async\" src=\"https:\/\/lineamoderna.pl\/wp-content\/themes\/astra\/inc\/assets\/images\/starter-content\/portfolio.svg\" alt=\"\" class=\"wp-image-137\"\/><\/figure>\n\n\n\n<h3 class=\"wp-block-heading has-text-align-left\" style=\"margin-top:16px\">Nowoczesny design<\/h3>\n\n\n\n<p class=\"has-text-align-left\">Tworzymy projekty oparte na aktualnych trendach i ponadczasowej estetyce.<\/p>\n<\/div>\n\n\n\n<div class=\"wp-block-column is-vertically-aligned-top is-layout-flow wp-container-core-column-is-layout-6b73ce23 wp-block-column-is-layout-flow\">\n<figure class=\"wp-block-image size-large\"><img decoding=\"async\" src=\"https:\/\/lineamoderna.pl\/wp-content\/themes\/astra\/inc\/assets\/images\/starter-content\/portfolio.svg\" alt=\"\" class=\"wp-image-137\"\/><\/figure>\n\n\n\n<h3 class=\"wp-block-heading has-text-align-left\" style=\"margin-top:16px\">Funkcjonalno\u015b\u0107<\/h3>\n\n\n\n<p class=\"has-text-align-left\">Ka\u017cda przestrze\u0144 jest zaprojektowana tak, aby by\u0142a wygodna i praktyczna w codziennym u\u017cytkowaniu.<\/p>\n<\/div>\n\n\n\n<div class=\"wp-block-column is-vertically-aligned-top is-layout-flow wp-container-core-column-is-layout-6b73ce23 wp-block-column-is-layout-flow\">\n<figure class=\"wp-block-image size-large\"><img decoding=\"async\" src=\"https:\/\/lineamoderna.pl\/wp-content\/themes\/astra\/inc\/assets\/images\/starter-content\/portfolio.svg\" alt=\"\" class=\"wp-image-137\"\/><\/figure>\n\n\n\n<h3 class=\"wp-block-heading has-text-align-left\" style=\"margin-top:16px\">Wysoka jako\u015b\u0107<\/h3>\n\n\n\n<p class=\"has-text-align-left\">Stawiamy na trwa\u0142e materia\u0142y i dopracowane detale.<\/p>\n<\/div>\n\n\n\n<div class=\"wp-block-column is-vertically-aligned-top is-layout-flow wp-container-core-column-is-layout-6b73ce23 wp-block-column-is-layout-flow\">\n<figure class=\"wp-block-image size-large\"><img decoding=\"async\" src=\"https:\/\/lineamoderna.pl\/wp-content\/themes\/astra\/inc\/assets\/images\/starter-content\/portfolio.svg\" alt=\"\" class=\"wp-image-137\"\/><\/figure>\n\n\n\n<h3 class=\"wp-block-heading has-text-align-left\" style=\"margin-top:16px\">Indywidualne podej\u015bcie<\/h3>\n\n\n\n<p class=\"has-text-align-left\">Ka\u017cdy projekt dopasowujemy do potrzeb i stylu naszych klient\u00f3w.<\/p>\n<\/div>\n<\/div>\n<\/div>\n\n\n\n<div class=\"wp-block-group alignfull is-layout-constrained wp-container-core-group-is-layout-45b0ac4f wp-block-group-is-layout-constrained\" id=\"services\" style=\"padding-top:144px;padding-bottom:0px\">\n<h2 class=\"wp-block-heading\"><strong>Nasze us\u0142ugi<\/strong><\/h2>\n\n\n\n<div class=\"wp-block-columns is-layout-flex wp-container-core-columns-is-layout-60cbf9bb wp-block-columns-is-layout-flex\" style=\"margin-top:50px\">\n<div class=\"wp-block-column is-layout-flow wp-container-core-column-is-layout-6b73ce23 wp-block-column-is-layout-flow\">\n<figure class=\"wp-block-image size-full\"><img loading=\"lazy\" decoding=\"async\" width=\"2560\" height=\"1709\" src=\"https:\/\/lineamoderna.pl\/wp-content\/uploads\/2026\/03\/pexels-artbovich-7534213-scaled.jpg\" alt=\"\" class=\"wp-image-38\" srcset=\"https:\/\/lineamoderna.pl\/wp-content\/uploads\/2026\/03\/pexels-artbovich-7534213-scaled.jpg 2560w, https:\/\/lineamoderna.pl\/wp-content\/uploads\/2026\/03\/pexels-artbovich-7534213-300x200.jpg 300w, https:\/\/lineamoderna.pl\/wp-content\/uploads\/2026\/03\/pexels-artbovich-7534213-1024x683.jpg 1024w, https:\/\/lineamoderna.pl\/wp-content\/uploads\/2026\/03\/pexels-artbovich-7534213-768x513.jpg 768w, https:\/\/lineamoderna.pl\/wp-content\/uploads\/2026\/03\/pexels-artbovich-7534213-1536x1025.jpg 1536w\" sizes=\"auto, (max-width: 2560px) 100vw, 2560px\" \/><\/figure>\n\n\n\n<h3 class=\"wp-block-heading\" style=\"margin-top:16px\">Fit out biur<\/h3>\n\n\n\n<p>Kompleksowa aran\u017cacja i wyko\u0144czenie przestrzeni biurowych. Projektujemy funkcjonalne i nowoczesne miejsca pracy dopasowane do potrzeb Twojej firmy.<\/p>\n<\/div>\n\n\n\n<div class=\"wp-block-column is-layout-flow wp-container-core-column-is-layout-6b73ce23 wp-block-column-is-layout-flow\">\n<figure class=\"wp-block-image size-full\"><img loading=\"lazy\" decoding=\"async\" width=\"2560\" height=\"1709\" src=\"https:\/\/lineamoderna.pl\/wp-content\/uploads\/2026\/03\/pexels-artbovich-8134847-scaled.jpg\" alt=\"\" class=\"wp-image-28\" srcset=\"https:\/\/lineamoderna.pl\/wp-content\/uploads\/2026\/03\/pexels-artbovich-8134847-scaled.jpg 2560w, https:\/\/lineamoderna.pl\/wp-content\/uploads\/2026\/03\/pexels-artbovich-8134847-300x200.jpg 300w, https:\/\/lineamoderna.pl\/wp-content\/uploads\/2026\/03\/pexels-artbovich-8134847-1024x683.jpg 1024w, https:\/\/lineamoderna.pl\/wp-content\/uploads\/2026\/03\/pexels-artbovich-8134847-768x513.jpg 768w, https:\/\/lineamoderna.pl\/wp-content\/uploads\/2026\/03\/pexels-artbovich-8134847-1536x1025.jpg 1536w\" sizes=\"auto, (max-width: 2560px) 100vw, 2560px\" \/><\/figure>\n\n\n\n<h3 class=\"wp-block-heading\" style=\"margin-top:16px\">Sprzeda\u017c dom\u00f3w<\/h3>\n\n\n\n<p>Oferujemy starannie wybrane nieruchomo\u015bci o wysokim standardzie. Pomagamy znale\u017a\u0107 dom dopasowany do Twojego stylu \u017cycia i oczekiwa\u0144.<\/p>\n<\/div>\n\n\n\n<div class=\"wp-block-column is-layout-flow wp-container-core-column-is-layout-6b73ce23 wp-block-column-is-layout-flow\">\n<figure class=\"wp-block-image size-full\"><img loading=\"lazy\" decoding=\"async\" width=\"2560\" height=\"1707\" src=\"https:\/\/lineamoderna.pl\/wp-content\/uploads\/2026\/03\/pexels-a-darmel-7641863-scaled.jpg\" alt=\"\" class=\"wp-image-39\" srcset=\"https:\/\/lineamoderna.pl\/wp-content\/uploads\/2026\/03\/pexels-a-darmel-7641863-scaled.jpg 2560w, https:\/\/lineamoderna.pl\/wp-content\/uploads\/2026\/03\/pexels-a-darmel-7641863-300x200.jpg 300w, https:\/\/lineamoderna.pl\/wp-content\/uploads\/2026\/03\/pexels-a-darmel-7641863-1024x683.jpg 1024w, https:\/\/lineamoderna.pl\/wp-content\/uploads\/2026\/03\/pexels-a-darmel-7641863-768x512.jpg 768w, https:\/\/lineamoderna.pl\/wp-content\/uploads\/2026\/03\/pexels-a-darmel-7641863-1536x1024.jpg 1536w, https:\/\/lineamoderna.pl\/wp-content\/uploads\/2026\/03\/pexels-a-darmel-7641863-2048x1365.jpg 2048w\" sizes=\"auto, (max-width: 2560px) 100vw, 2560px\" \/><\/figure>\n\n\n\n<h3 class=\"wp-block-heading\" style=\"margin-top:16px\">Sprzeda\u017c dom\u00f3w<\/h3>\n\n\n\n<p>Sem quis erat nibh id neque tincidunt molestie convallis ut nibh vel, lorem consequat ullamcorper.<\/p>\n<\/div>\n<\/div>\n<\/div>\n\n\n\n<div class=\"wp-block-group alignfull has-ast-global-color-5-background-color has-background is-layout-constrained wp-container-core-group-is-layout-94d206d0 wp-block-group-is-layout-constrained\" id=\"about\" style=\"padding-top:143px;padding-bottom:144px\">\n<div class=\"wp-block-media-text has-media-on-the-right is-stacked-on-mobile is-vertically-aligned-center\"><div class=\"wp-block-media-text__content\">\n<div class=\"inherit-container-width wp-block-group is-layout-constrained wp-container-core-group-is-layout-47ce07ec wp-block-group-is-layout-constrained\" style=\"padding-right:80px\">\n<h2 class=\"wp-block-heading\" style=\"padding-right:40px\">Linea Moderna<\/h2>\n\n\n\n<p>Linea Moderna to firma specjalizuj\u0105ca si\u0119 w projektowaniu i realizacji nowoczesnych przestrzeni biurowych oraz w sprzeda\u017cy wyj\u0105tkowych nieruchomo\u015bci. \u0141\u0105czymy design, funkcjonalno\u015b\u0107 i wysok\u0105 jako\u015b\u0107 wykonania.<\/p>\n<\/div>\n<\/div><figure class=\"wp-block-media-text__media\"><img loading=\"lazy\" decoding=\"async\" width=\"1024\" height=\"683\" src=\"https:\/\/lineamoderna.pl\/wp-content\/uploads\/2026\/03\/pexels-yankrukov-8842337-1024x683.jpg\" alt=\"\" class=\"wp-image-40 size-full\" srcset=\"https:\/\/lineamoderna.pl\/wp-content\/uploads\/2026\/03\/pexels-yankrukov-8842337-1024x683.jpg 1024w, https:\/\/lineamoderna.pl\/wp-content\/uploads\/2026\/03\/pexels-yankrukov-8842337-300x200.jpg 300w, https:\/\/lineamoderna.pl\/wp-content\/uploads\/2026\/03\/pexels-yankrukov-8842337-768x512.jpg 768w, https:\/\/lineamoderna.pl\/wp-content\/uploads\/2026\/03\/pexels-yankrukov-8842337-1536x1024.jpg 1536w, https:\/\/lineamoderna.pl\/wp-content\/uploads\/2026\/03\/pexels-yankrukov-8842337-2048x1365.jpg 2048w\" sizes=\"auto, (max-width: 1024px) 100vw, 1024px\" \/><\/figure><\/div>\n<\/div>\n\n\n\n<div class=\"wp-block-group alignfull has-ast-global-color-4-background-color has-background is-layout-constrained wp-container-core-group-is-layout-6a2cfb7b wp-block-group-is-layout-constrained\" id=\"reviews\">\n<figure class=\"wp-block-image aligncenter size-full\"><img decoding=\"async\" src=\"https:\/\/lineamoderna.pl\/wp-content\/themes\/astra\/inc\/assets\/images\/starter-content\/avatar.png\" alt=\"\" class=\"wp-image-235\"\/><\/figure>\n\n\n\n<p class=\"has-text-align-center\" style=\"font-size:22px;line-height:1.6\">\u201cLinea Moderna zaprojektowa\u0142a nasze biuro od podstaw. Przestrze\u0144 jest nowoczesna, funkcjonalna i idealnie dopasowana do naszego zespo\u0142u. Profesjonalizm na ka\u017cdym etapie wsp\u00f3\u0142pracy\u201d<\/p>\n\n\n\n<p class=\"has-text-align-center\">Andrzej Bry\u0142a<\/p>\n<\/div>\n\n\n\n<div class=\"wp-block-group alignfull is-layout-constrained wp-container-core-group-is-layout-3fee123f wp-block-group-is-layout-constrained\" id=\"whyus\" style=\"padding-top:144px;padding-bottom:144px\">\n<h2 class=\"wp-block-heading\">Dlaczego my?<\/h2>\n\n\n\n<div class=\"wp-block-columns is-layout-flex wp-container-core-columns-is-layout-29aadeec wp-block-columns-is-layout-flex\" style=\"margin-top:60px\">\n<div class=\"wp-block-column is-layout-flow wp-container-core-column-is-layout-6b73ce23 wp-block-column-is-layout-flow\">\n<figure class=\"wp-block-image size-large\"><img decoding=\"async\" src=\"https:\/\/lineamoderna.pl\/wp-content\/themes\/astra\/inc\/assets\/images\/starter-content\/passionate.svg\" alt=\"\" class=\"wp-image-162\"\/><\/figure>\n\n\n\n<h3 class=\"wp-block-heading\" style=\"margin-top:16px\">Pasjonaci<\/h3>\n\n\n\n<p>Tworzymy przestrzenie z pasj\u0105 do designu i nowoczesnej architektury.<\/p>\n<\/div>\n\n\n\n<div class=\"wp-block-column is-layout-flow wp-container-core-column-is-layout-6b73ce23 wp-block-column-is-layout-flow\">\n<figure class=\"wp-block-image size-large\"><img decoding=\"async\" src=\"https:\/\/lineamoderna.pl\/wp-content\/themes\/astra\/inc\/assets\/images\/starter-content\/professional.svg\" alt=\"\" class=\"wp-image-163\"\/><\/figure>\n\n\n\n<h3 class=\"wp-block-heading\" style=\"margin-top:16px\">Profesjonali\u015bci<\/h3>\n\n\n\n<p>Stawiamy na do\u015bwiadczenie, jako\u015b\u0107 wykonania i rzeteln\u0105 wsp\u00f3\u0142prac\u0119 z klientem.<\/p>\n<\/div>\n\n\n\n<div class=\"wp-block-column is-layout-flow wp-container-core-column-is-layout-6b73ce23 wp-block-column-is-layout-flow\">\n<figure class=\"wp-block-image size-large\"><img decoding=\"async\" src=\"https:\/\/lineamoderna.pl\/wp-content\/themes\/astra\/inc\/assets\/images\/starter-content\/support.svg\" alt=\"\" class=\"wp-image-164\"\/><\/figure>\n\n\n\n<h3 class=\"wp-block-heading\" style=\"margin-top:16px\">Partnerzy w realizacji Twojej wizji<\/h3>\n\n\n\n<p>S\u0142uchamy potrzeb klient\u00f3w i wsp\u00f3lnie tworzymy najlepsze rozwi\u0105zania.<\/p>\n<\/div>\n<\/div>\n<\/div>\n\n\n\n<div class=\"wp-block-group alignfull has-background is-layout-constrained wp-container-core-group-is-layout-cfcca693 wp-block-group-is-layout-constrained\" id=\"contact\" style=\"background:linear-gradient(127deg,rgb(0,0,0) 45%,rgb(40,116,252) 100%);padding-top:104px;padding-bottom:104px\">\n<h2 class=\"wp-block-heading has-text-align-center has-text-color\" style=\"color:#ffffff\">Skontaktuj si\u0119 z nami \u2013 ch\u0119tnie odpowiemy na Twoje pytania<\/h2>\n\n\n\n<div class=\"wp-block-buttons alignwide is-horizontal is-content-justification-center is-layout-flex wp-container-core-buttons-is-layout-bba8380a wp-block-buttons-is-layout-flex\" style=\"margin-top:50px\">\n<div class=\"wp-block-button\"><a class=\"wp-block-button__link wp-element-button\">676-875-875<\/a><\/div>\n<\/div>\n<\/div>\n\n\n\n<p><\/p>\n","protected":false},"excerpt":{"rendered":"<p>Nowoczesny design Tworzymy projekty oparte na aktualnych trendach i ponadczasowej estetyce. Funkcjonalno\u015b\u0107 Ka\u017cda przestrze\u0144 jest zaprojektowana tak, aby by\u0142a wygodna [&hellip;]<\/p>\n","protected":false},"author":1,"featured_media":0,"parent":0,"menu_order":0,"comment_status":"closed","ping_status":"closed","template":"","meta":{"site-sidebar-layout":"no-sidebar","site-content-layout":"plain-container","ast-site-content-layout":"default","site-content-style":"default","site-sidebar-style":"default","ast-global-header-display":"","ast-banner-title-visibility":"","ast-main-header-display":"","ast-hfb-above-header-display":"","ast-hfb-below-header-display":"","ast-hfb-mobile-header-display":"","site-post-title":"disabled","ast-breadcrumbs-content":"","ast-featured-img":"","footer-sml-layout":"","ast-disable-related-posts":"","theme-transparent-header-meta":"enabled","adv-header-id-meta":"","stick-header-meta":"","header-above-stick-meta":"","header-main-stick-meta":"","header-below-stick-meta":"","astra-migrate-meta-layouts":"default","ast-page-background-enabled":"default","ast-page-background-meta":{"desktop":{"background-color":"var(--ast-global-color-5)","background-image":"","background-repeat":"repeat","background-position":"center center","background-size":"auto","background-attachment":"scroll","background-type":"","background-media":"","overlay-type":"","overlay-color":"","overlay-opacity":"","overlay-gradient":""},"tablet":{"background-color":"","background-image":"","background-repeat":"repeat","background-position":"center center","background-size":"auto","background-attachment":"scroll","background-type":"","background-media":"","overlay-type":"","overlay-color":"","overlay-opacity":"","overlay-gradient":""},"mobile":{"background-color":"","background-image":"","background-repeat":"repeat","background-position":"center center","background-size":"auto","background-attachment":"scroll","background-type":"","background-media":"","overlay-type":"","overlay-color":"","overlay-opacity":"","overlay-gradient":""}},"ast-content-background-meta":{"desktop":{"background-color":"var(--ast-global-color-4)","background-image":"","background-repeat":"repeat","background-position":"center center","background-size":"auto","background-attachment":"scroll","background-type":"","background-media":"","overlay-type":"","overlay-color":"","overlay-opacity":"","overlay-gradient":""},"tablet":{"background-color":"var(--ast-global-color-4)","background-image":"","background-repeat":"repeat","background-position":"center center","background-size":"auto","background-attachment":"scroll","background-type":"","background-media":"","overlay-type":"","overlay-color":"","overlay-opacity":"","overlay-gradient":""},"mobile":{"background-color":"var(--ast-global-color-4)","background-image":"","background-repeat":"repeat","background-position":"center center","background-size":"auto","background-attachment":"scroll","background-type":"","background-media":"","overlay-type":"","overlay-color":"","overlay-opacity":"","overlay-gradient":""}},"footnotes":""},"class_list":["post-8","page","type-page","status-publish","hentry"],"_links":{"self":[{"href":"https:\/\/lineamoderna.pl\/index.php\/wp-json\/wp\/v2\/pages\/8","targetHints":{"allow":["GET"]}}],"collection":[{"href":"https:\/\/lineamoderna.pl\/index.php\/wp-json\/wp\/v2\/pages"}],"about":[{"href":"https:\/\/lineamoderna.pl\/index.php\/wp-json\/wp\/v2\/types\/page"}],"author":[{"embeddable":true,"href":"https:\/\/lineamoderna.pl\/index.php\/wp-json\/wp\/v2\/users\/1"}],"replies":[{"embeddable":true,"href":"https:\/\/lineamoderna.pl\/index.php\/wp-json\/wp\/v2\/comments?post=8"}],"version-history":[{"count":11,"href":"https:\/\/lineamoderna.pl\/index.php\/wp-json\/wp\/v2\/pages\/8\/revisions"}],"predecessor-version":[{"id":51,"href":"https:\/\/lineamoderna.pl\/index.php\/wp-json\/wp\/v2\/pages\/8\/revisions\/51"}],"wp:attachment":[{"href":"https:\/\/lineamoderna.pl\/index.php\/wp-json\/wp\/v2\/media?parent=8"}],"curies":[{"name":"wp","href":"https:\/\/api.w.org\/{rel}","templated":true}]}}